{"id":20,"date":"2024-11-04T20:24:09","date_gmt":"2024-11-04T20:24:09","guid":{"rendered":"http:\/\/xarxanocallis.cat\/?page_id=20"},"modified":"2024-11-30T13:07:42","modified_gmt":"2024-11-30T13:07:42","slug":"missio-i-visio","status":"publish","type":"page","link":"http:\/\/xarxanocallis.cat\/?page_id=20","title":{"rendered":"Visi\u00f3 i missi\u00f3"},"content":{"rendered":"\n<div class=\"wp-block-group alignfull has-accent-2-background-color has-background has-global-padding is-layout-constrained wp-container-core-group-is-layout-669513ed wp-block-group-is-layout-constrained\" style=\"margin-top:0;margin-bottom:0;padding-top:var(--wp--preset--spacing--50);padding-right:var(--wp--preset--spacing--50);padding-bottom:var(--wp--preset--spacing--50);padding-left:var(--wp--preset--spacing--50)\">\n<div class=\"wp-block-columns alignwide is-layout-flex wp-container-core-columns-is-layout-28f84493 wp-block-columns-is-layout-flex\">\n<div class=\"wp-block-column is-layout-flow wp-block-column-is-layout-flow\" style=\"flex-basis:60%\">\n<h5 class=\"wp-block-heading has-x-large-font-size\">La <strong>visi\u00f3<\/strong> de la XarxaNOCALLIS s\u00f3n uns Pa\u00efsos Catalans lliures i sobirans, on els catalans puguin viure plenament en catal\u00e0, gaudint d&#8217;un Estat independent i<br>democr\u00e0tic que respecti, promogui i protegeixi els drets pol\u00edtics, socials, econ\u00f2mics, mediambientals i culturals del seu poble. <\/h5>\n<\/div>\n<\/div>\n<\/div>\n\n\n\n<div class=\"wp-block-group alignfull has-base-2-background-color has-background has-global-padding is-layout-constrained wp-container-core-group-is-layout-7cd14b77 wp-block-group-is-layout-constrained\" style=\"margin-top:0;margin-bottom:0;padding-top:var(--wp--preset--spacing--60);padding-right:var(--wp--preset--spacing--60);padding-bottom:var(--wp--preset--spacing--60);padding-left:var(--wp--preset--spacing--60)\">\n<div class=\"wp-block-columns is-layout-flex wp-container-core-columns-is-layout-28f84493 wp-block-columns-is-layout-flex\">\n<div class=\"wp-block-column is-vertically-aligned-top is-layout-flow wp-block-column-is-layout-flow\" style=\"flex-basis:66.66%\">\n<figure class=\"wp-block-image aligncenter size-large\"><img loading=\"lazy\" decoding=\"async\" width=\"1024\" height=\"1024\" src=\"http:\/\/xarxanocallis.cat\/wp-content\/uploads\/2024\/11\/Logo-XarxaNOCALLIS-19-1024x1024.png\" alt=\"\" class=\"wp-image-247\" srcset=\"http:\/\/xarxanocallis.cat\/wp-content\/uploads\/2024\/11\/Logo-XarxaNOCALLIS-19-1024x1024.png 1024w, http:\/\/xarxanocallis.cat\/wp-content\/uploads\/2024\/11\/Logo-XarxaNOCALLIS-19-300x300.png 300w, http:\/\/xarxanocallis.cat\/wp-content\/uploads\/2024\/11\/Logo-XarxaNOCALLIS-19-150x150.png 150w, http:\/\/xarxanocallis.cat\/wp-content\/uploads\/2024\/11\/Logo-XarxaNOCALLIS-19-768x768.png 768w, http:\/\/xarxanocallis.cat\/wp-content\/uploads\/2024\/11\/Logo-XarxaNOCALLIS-19.png 1125w\" sizes=\"auto, (max-width: 1024px) 100vw, 1024px\" \/><\/figure>\n<\/div>\n\n\n\n<div class=\"wp-block-column is-layout-flow wp-block-column-is-layout-flow\" style=\"flex-basis:33.33%\">\n<h4 class=\"wp-block-heading\">Una comunitat empoderada i unida que, a trav\u00e9s de la seva hist\u00f2ria, cultura i identitat, construeixi un futur just i pr\u00f2sper per a les generacions futures, esdevenint un referent de llibertat i dignitat en el m\u00f3n.<\/h4>\n<\/div>\n<\/div>\n<\/div>\n\n\n\n<div class=\"wp-block-group alignfull has-accent-2-background-color has-background has-global-padding is-layout-constrained wp-container-core-group-is-layout-669513ed wp-block-group-is-layout-constrained\" style=\"margin-top:0;margin-bottom:0;padding-top:var(--wp--preset--spacing--50);padding-right:var(--wp--preset--spacing--50);padding-bottom:var(--wp--preset--spacing--50);padding-left:var(--wp--preset--spacing--50)\">\n<div class=\"wp-block-columns alignwide is-layout-flex wp-container-core-columns-is-layout-28f84493 wp-block-columns-is-layout-flex\">\n<div class=\"wp-block-column is-layout-flow wp-block-column-is-layout-flow\" style=\"flex-basis:66.66%\">\n<h3 class=\"wp-block-heading\">La <strong>missi\u00f3<\/strong> de la XarxaNOCALLIS \u00e9s aplegar els patriotes catalans compromesos amb la lluita per l&#8217;alliberament nacional dels Pa\u00efsos Catalans, promovent una acci\u00f3 cont\u00ednua, organitzada i estrat\u00e8gica per descolonitzar la ment dels catalans, recuperar la consci\u00e8ncia nacional i construir un Estat Catal\u00e0 independent. L&#8217;objectiu \u00e9s resistir i combatre la colonitzaci\u00f3 i repressi\u00f3 espanyola i francesa, defensant la llengua, cultura, hist\u00f2ria i identitat catalana, amb la ferma determinaci\u00f3 de no rendir-se fins a aconseguir la vict\u00f2ria final.<\/h3>\n<\/div>\n\n\n\n<div class=\"wp-block-column is-layout-flow wp-block-column-is-layout-flow\" style=\"flex-basis:33.33%\">\n<figure class=\"wp-block-image size-large\"><img loading=\"lazy\" decoding=\"async\" width=\"1024\" height=\"1024\" src=\"http:\/\/xarxanocallis.cat\/wp-content\/uploads\/2024\/11\/25-1024x1024.png\" alt=\"\" class=\"wp-image-250\" srcset=\"http:\/\/xarxanocallis.cat\/wp-content\/uploads\/2024\/11\/25-1024x1024.png 1024w, http:\/\/xarxanocallis.cat\/wp-content\/uploads\/2024\/11\/25-300x300.png 300w, http:\/\/xarxanocallis.cat\/wp-content\/uploads\/2024\/11\/25-150x150.png 150w, http:\/\/xarxanocallis.cat\/wp-content\/uploads\/2024\/11\/25-768x768.png 768w, http:\/\/xarxanocallis.cat\/wp-content\/uploads\/2024\/11\/25-1536x1536.png 1536w, http:\/\/xarxanocallis.cat\/wp-content\/uploads\/2024\/11\/25.png 1563w\" sizes=\"auto, (max-width: 1024px) 100vw, 1024px\" \/><\/figure>\n<\/div>\n<\/div>\n<\/div>\n\n\n\n<div class=\"wp-block-group alignfull has-base-2-background-color has-background has-global-padding is-layout-constrained wp-container-core-group-is-layout-7cd14b77 wp-block-group-is-layout-constrained\" style=\"margin-top:0;margin-bottom:0;padding-top:var(--wp--preset--spacing--60);padding-right:var(--wp--preset--spacing--60);padding-bottom:var(--wp--preset--spacing--60);padding-left:var(--wp--preset--spacing--60)\">\n<div class=\"wp-block-group alignwide is-layout-flow wp-block-group-is-layout-flow\">\n<div class=\"wp-block-columns is-layout-flex wp-container-core-columns-is-layout-28f84493 wp-block-columns-is-layout-flex\">\n<div class=\"wp-block-column is-layout-flow wp-block-column-is-layout-flow\" style=\"flex-basis:33.33%\">\n<figure class=\"wp-block-image size-large\"><img loading=\"lazy\" decoding=\"async\" width=\"1024\" height=\"1024\" src=\"http:\/\/xarxanocallis.cat\/wp-content\/uploads\/2024\/11\/Logo-XarxaNOCALLIS-9-1-1024x1024.png\" alt=\"\" class=\"wp-image-264\" srcset=\"http:\/\/xarxanocallis.cat\/wp-content\/uploads\/2024\/11\/Logo-XarxaNOCALLIS-9-1-1024x1024.png 1024w, http:\/\/xarxanocallis.cat\/wp-content\/uploads\/2024\/11\/Logo-XarxaNOCALLIS-9-1-300x300.png 300w, http:\/\/xarxanocallis.cat\/wp-content\/uploads\/2024\/11\/Logo-XarxaNOCALLIS-9-1-150x150.png 150w, http:\/\/xarxanocallis.cat\/wp-content\/uploads\/2024\/11\/Logo-XarxaNOCALLIS-9-1-768x768.png 768w, http:\/\/xarxanocallis.cat\/wp-content\/uploads\/2024\/11\/Logo-XarxaNOCALLIS-9-1-1536x1536.png 1536w, http:\/\/xarxanocallis.cat\/wp-content\/uploads\/2024\/11\/Logo-XarxaNOCALLIS-9-1.png 1563w\" sizes=\"auto, (max-width: 1024px) 100vw, 1024px\" \/><\/figure>\n<\/div>\n<\/div>\n<\/div>\n<\/div>\n\n\n\n<div class=\"wp-block-cover alignfull is-light has-parallax\" style=\"padding-top:var(--wp--preset--spacing--50);padding-right:var(--wp--preset--spacing--50);padding-bottom:var(--wp--preset--spacing--50);padding-left:var(--wp--preset--spacing--50);min-height:100vh;aspect-ratio:unset;\"><span aria-hidden=\"true\" class=\"wp-block-cover__background has-base-background-color has-background-dim-0 has-background-dim\"><\/span><div class=\"wp-block-cover__image-background wp-image-230 has-parallax\" style=\"background-position:50% 50%;background-image:url(http:\/\/xarxanocallis.cat\/wp-content\/uploads\/2024\/11\/28.png)\"><\/div><div class=\"wp-block-cover__inner-container has-global-padding is-layout-constrained wp-container-core-cover-is-layout-e4fd886c wp-block-cover-is-layout-constrained\">\n<div style=\"height:500px\" aria-hidden=\"true\" class=\"wp-block-spacer\"><\/div>\n<\/div><\/div>\n\n\n\n<div class=\"wp-block-group alignfull has-base-2-color has-contrast-background-color has-text-color has-background has-link-color wp-elements-2781822a11a6bdb1efa86c6e1eebc9d2 has-global-padding is-layout-constrained wp-container-core-group-is-layout-facafb6f wp-block-group-is-layout-constrained\" style=\"margin-top:0;margin-bottom:0;padding-top:var(--wp--preset--spacing--50);padding-right:var(--wp--preset--spacing--50);padding-bottom:var(--wp--preset--spacing--50);padding-left:var(--wp--preset--spacing--50)\">\n<div class=\"wp-block-columns is-layout-flex wp-container-core-columns-is-layout-28f84493 wp-block-columns-is-layout-flex\">\n<div class=\"wp-block-column is-layout-flow wp-block-column-is-layout-flow\" style=\"flex-basis:66.66%\">\n<p class=\"has-large-font-size\" style=\"font-style:normal;font-weight:500;line-height:1.2\">Veniu a la XarxaNOCALLIS i formeu part d&#8217;un moviment din\u00e0mic i creixent que lluita per un futur lliure, digne i just per a la naci\u00f3 catalana. Plegats, podem fer hist\u00f2ria i sembrar la llavor d\u2019un estat del qual sentir-nos orgullosos. El vostre comprom\u00eds i passi\u00f3 s\u00f3n essencials per reeixir en aquesta noble empresa. Ens necessitem, veniu a fer pinya!<\/p>\n\n\n\n<p class=\"has-large-font-size\" style=\"font-style:normal;font-weight:500;line-height:1.2\">Visca la terra!<\/p>\n<\/div>\n<\/div>\n<\/div>\n","protected":false},"excerpt":{"rendered":"<p>La visi\u00f3 de la XarxaNOCALLIS s\u00f3n uns Pa\u00efsos Catalans lliures i sobirans, on els catalans puguin viure plenament en catal\u00e0, gaudint d&#8217;un Estat independent idemocr\u00e0tic que respecti, promogui i protegeixi els drets pol\u00edtics, socials, econ\u00f2mics, mediambientals i culturals del seu poble. Una comunitat empoderada i unida que, a trav\u00e9s de la seva hist\u00f2ria, cultura i [&hellip;]<\/p>\n","protected":false},"author":1,"featured_media":223,"parent":0,"menu_order":0,"comment_status":"closed","ping_status":"closed","template":"","meta":{"footnotes":""},"class_list":["post-20","page","type-page","status-publish","has-post-thumbnail","hentry"],"_links":{"self":[{"href":"http:\/\/xarxanocallis.cat\/index.php?rest_route=\/wp\/v2\/pages\/20","targetHints":{"allow":["GET"]}}],"collection":[{"href":"http:\/\/xarxanocallis.cat\/index.php?rest_route=\/wp\/v2\/pages"}],"about":[{"href":"http:\/\/xarxanocallis.cat\/index.php?rest_route=\/wp\/v2\/types\/page"}],"author":[{"embeddable":true,"href":"http:\/\/xarxanocallis.cat\/index.php?rest_route=\/wp\/v2\/users\/1"}],"replies":[{"embeddable":true,"href":"http:\/\/xarxanocallis.cat\/index.php?rest_route=%2Fwp%2Fv2%2Fcomments&post=20"}],"version-history":[{"count":23,"href":"http:\/\/xarxanocallis.cat\/index.php?rest_route=\/wp\/v2\/pages\/20\/revisions"}],"predecessor-version":[{"id":352,"href":"http:\/\/xarxanocallis.cat\/index.php?rest_route=\/wp\/v2\/pages\/20\/revisions\/352"}],"wp:featuredmedia":[{"embeddable":true,"href":"http:\/\/xarxanocallis.cat\/index.php?rest_route=\/wp\/v2\/media\/223"}],"wp:attachment":[{"href":"http:\/\/xarxanocallis.cat\/index.php?rest_route=%2Fwp%2Fv2%2Fmedia&parent=20"}],"curies":[{"name":"wp","href":"https:\/\/api.w.org\/{rel}","templated":true}]}}