{"id":13,"date":"2024-11-04T20:24:09","date_gmt":"2024-11-04T20:24:09","guid":{"rendered":"http:\/\/xarxanocallis.cat\/?page_id=13"},"modified":"2026-03-08T22:34:01","modified_gmt":"2026-03-08T22:34:01","slug":"qui-som","status":"publish","type":"page","link":"http:\/\/xarxanocallis.cat\/?page_id=13","title":{"rendered":"Qui som?"},"content":{"rendered":"\n<div class=\"wp-block-group alignfull has-accent-background-color has-background has-global-padding is-layout-constrained wp-container-core-group-is-layout-669513ed wp-block-group-is-layout-constrained\" style=\"margin-top:0;margin-bottom:0;padding-top:var(--wp--preset--spacing--50);padding-right:var(--wp--preset--spacing--50);padding-bottom:var(--wp--preset--spacing--50);padding-left:var(--wp--preset--spacing--50)\">\n<div class=\"wp-block-columns alignwide is-layout-flex wp-container-core-columns-is-layout-1da03c2a wp-block-columns-is-layout-flex\">\n<div class=\"wp-block-column is-vertically-aligned-stretch is-layout-flow wp-block-column-is-layout-flow\" style=\"flex-basis:50%\">\n<div class=\"wp-block-group is-vertical is-content-justification-stretch is-layout-flex wp-container-core-group-is-layout-444d5ee8 wp-block-group-is-layout-flex\" style=\"min-height:100%\">\n<p class=\"has-heading-font-family has-x-large-font-size\" style=\"line-height:1.2\">L&#8217;ASSOCIA\u00c7\u00c3O XARXANOCALLIS \u00e9s una instituci\u00f3 civil, constitu\u00efda com a associaci\u00f3 sense \u00e0nim de lucre a Portugal, amb l&#8217;objecte de defensar i promoure la cultura, la llengua i l&#8217;economia catalanes en l\u2019\u00e0mbit internacional.<\/p>\n\n\n\n<div class=\"wp-block-group has-global-padding is-content-justification-left is-layout-constrained wp-container-core-group-is-layout-9fe8ed88 wp-block-group-is-layout-constrained\">\n<p class=\"wp-container-content-0733e5d0\">L&#8217;associaci\u00f3 disposa del n\u00famero de persona jur\u00eddica 518298027.<\/p>\n\n\n\n<div class=\"wp-block-buttons is-layout-flex wp-block-buttons-is-layout-flex\">\n<div class=\"wp-block-button\"><a class=\"wp-block-button__link wp-element-button\" href=\"http:\/\/xarxanocallis.cat\/?page_id=20\">Visi\u00f3 i missi\u00f3<\/a><\/div>\n\n\n\n<div class=\"wp-block-button\"><a class=\"wp-block-button__link wp-element-button\" href=\"http:\/\/xarxanocallis.cat\/?page_id=16\">Dec\u00e0leg<\/a><\/div>\n<\/div>\n<\/div>\n<\/div>\n<\/div>\n\n\n\n<div class=\"wp-block-column is-vertically-aligned-center is-layout-flow wp-block-column-is-layout-flow\" style=\"flex-basis:50%\">\n<figure class=\"wp-block-image size-full is-resized is-style-rounded is-style-rounded--1\"><img loading=\"lazy\" decoding=\"async\" width=\"1563\" height=\"1563\" src=\"http:\/\/xarxanocallis.cat\/wp-content\/uploads\/2024\/11\/32.png\" alt=\"\" class=\"wp-image-248\" style=\"aspect-ratio:0.75;object-fit:cover;width:515px;height:auto\" srcset=\"http:\/\/xarxanocallis.cat\/wp-content\/uploads\/2024\/11\/32.png 1563w, http:\/\/xarxanocallis.cat\/wp-content\/uploads\/2024\/11\/32-300x300.png 300w, http:\/\/xarxanocallis.cat\/wp-content\/uploads\/2024\/11\/32-1024x1024.png 1024w, http:\/\/xarxanocallis.cat\/wp-content\/uploads\/2024\/11\/32-150x150.png 150w, http:\/\/xarxanocallis.cat\/wp-content\/uploads\/2024\/11\/32-768x768.png 768w, http:\/\/xarxanocallis.cat\/wp-content\/uploads\/2024\/11\/32-1536x1536.png 1536w\" sizes=\"auto, (max-width: 1563px) 100vw, 1563px\" \/><\/figure>\n<\/div>\n<\/div>\n<\/div>\n\n\n\n<div class=\"wp-block-group alignfull has-base-background-color has-background has-global-padding is-layout-constrained wp-container-core-group-is-layout-d89aad35 wp-block-group-is-layout-constrained\" style=\"margin-top:0;margin-bottom:0;padding-top:var(--wp--preset--spacing--50);padding-right:var(--wp--preset--spacing--50);padding-bottom:var(--wp--preset--spacing--50);padding-left:var(--wp--preset--spacing--50)\">\n<div class=\"wp-block-columns alignwide is-layout-flex wp-container-core-columns-is-layout-549b0c86 wp-block-columns-is-layout-flex\">\n<div class=\"wp-block-column is-layout-flow wp-container-core-column-is-layout-119bc444 wp-block-column-is-layout-flow\" style=\"flex-basis:60%\">\n<pre class=\"wp-block-verse has-heading-font-family has-x-large-font-size\" style=\"line-height:1.2\">L\u2019associaci\u00f3 XarxaNOCALLIS, acr\u00f2nim de Nosaltres els Catalans Lliures, \u00e9s una vibrant comunitat de patriotes compromesos amb l'alliberament nacional dels Pa\u00efsos Catalans. Amb una perspectiva renovadora d'arrel nacionalista i anticolonial, ens esforcem per construir una xarxa de sinergies potent i efectiva que aplegui els tres agents de canvi: creadors, pioners i seguidors.<\/pre>\n<\/div>\n<\/div>\n<\/div>\n\n\n\n<div class=\"wp-block-group alignfull has-accent-5-background-color has-background has-global-padding is-layout-constrained wp-container-core-group-is-layout-d89aad35 wp-block-group-is-layout-constrained\" style=\"margin-top:0;margin-bottom:0;padding-top:var(--wp--preset--spacing--50);padding-right:var(--wp--preset--spacing--50);padding-bottom:var(--wp--preset--spacing--50);padding-left:var(--wp--preset--spacing--50)\">\n<div class=\"wp-block-columns alignwide is-layout-flex wp-container-core-columns-is-layout-1da03c2a wp-block-columns-is-layout-flex\">\n<div class=\"wp-block-column is-vertically-aligned-center is-layout-flow wp-block-column-is-layout-flow\" style=\"flex-basis:60%\">\n<figure class=\"wp-block-image size-full is-style-rounded wp-duotone-unset-3 is-style-rounded--2\"><img loading=\"lazy\" decoding=\"async\" width=\"1500\" height=\"1500\" src=\"http:\/\/xarxanocallis.cat\/wp-content\/uploads\/2024\/11\/Logo-XarxaNOCALLIS-11.png\" alt=\"\" class=\"wp-image-236\" style=\"aspect-ratio:4\/3;object-fit:cover\" srcset=\"http:\/\/xarxanocallis.cat\/wp-content\/uploads\/2024\/11\/Logo-XarxaNOCALLIS-11.png 1500w, http:\/\/xarxanocallis.cat\/wp-content\/uploads\/2024\/11\/Logo-XarxaNOCALLIS-11-300x300.png 300w, http:\/\/xarxanocallis.cat\/wp-content\/uploads\/2024\/11\/Logo-XarxaNOCALLIS-11-1024x1024.png 1024w, http:\/\/xarxanocallis.cat\/wp-content\/uploads\/2024\/11\/Logo-XarxaNOCALLIS-11-150x150.png 150w, http:\/\/xarxanocallis.cat\/wp-content\/uploads\/2024\/11\/Logo-XarxaNOCALLIS-11-768x768.png 768w\" sizes=\"auto, (max-width: 1500px) 100vw, 1500px\" \/><\/figure>\n<\/div>\n\n\n\n<div class=\"wp-block-column is-layout-flow wp-block-column-is-layout-flow\" style=\"flex-basis:40%\">\n<p>A la XarxaNOCALLIS creiem fermament en el poder de la col\u00b7laboraci\u00f3 i la innovaci\u00f3 per assolir la independ\u00e8ncia i la llibertat de la naci\u00f3 catalana (principatins, valencians, mallorquins, menorquins, eivissencs i algueresos). <\/p>\n\n\n\n<p>Els nostres membres s\u00f3n creadors que inspiren, pioners que lideren el cam\u00ed i seguidors apassionats que amplifiquen la nostra causa. Plegats, treballem una estrat\u00e8gia d\u2019\u00e8xit mitjan\u00e7ant el desenvolupament d\u2019eines i la realitzaci\u00f3 d\u2019accions fermes i valentes que ens duguin al nostre objectiu final, el nostre somni col\u00b7lectiu, la llibertat del nostre poble.<\/p>\n\n\n\n<div class=\"wp-block-buttons is-layout-flex wp-block-buttons-is-layout-flex\">\n<div class=\"wp-block-button\"><a class=\"wp-block-button__link wp-element-button\" href=\"http:\/\/xarxanocallis.cat\/?page_id=19\">Contacte<\/a><\/div>\n<\/div>\n<\/div>\n<\/div>\n<\/div>\n\n\n\n<div class=\"wp-block-group alignfull has-global-padding is-layout-constrained wp-container-core-group-is-layout-d89aad35 wp-block-group-is-layout-constrained\" style=\"margin-top:0;margin-bottom:0;padding-top:var(--wp--preset--spacing--50);padding-right:var(--wp--preset--spacing--50);padding-bottom:var(--wp--preset--spacing--50);padding-left:var(--wp--preset--spacing--50)\">\n<div class=\"wp-block-group alignwide has-base-2-background-color has-background is-layout-flow wp-block-group-is-layout-flow\" style=\"border-radius:16px;padding-top:var(--wp--preset--spacing--50);padding-right:var(--wp--preset--spacing--50);padding-bottom:var(--wp--preset--spacing--50);padding-left:var(--wp--preset--spacing--50)\">\n<p class=\"has-text-align-center\">Els nostres referents:<\/p>\n\n\n\n<div style=\"height:var(--wp--preset--spacing--10)\" aria-hidden=\"true\" class=\"wp-block-spacer\"><\/div>\n\n\n\n<div class=\"wp-block-group alignwide is-content-justification-center is-layout-flex wp-container-core-group-is-layout-f95ffa09 wp-block-group-is-layout-flex\" style=\"padding-top:0;padding-right:0;padding-bottom:0;padding-left:0\">\n<figure class=\"wp-block-embed is-type-video is-provider-youtube wp-block-embed-youtube wp-embed-aspect-16-9 wp-has-aspect-ratio\"><div class=\"wp-block-embed__wrapper\">\n<iframe loading=\"lazy\" title=\"Discurs Pau Casals a les Nacions Unides (1971)\" width=\"500\" height=\"281\" src=\"https:\/\/www.youtube.com\/embed\/EAtsoPYMaS8?feature=oembed\" frameborder=\"0\" allow=\"accelerometer; autoplay; clipboard-write; encrypted-media; gyroscope; picture-in-picture; web-share\" referrerpolicy=\"strict-origin-when-cross-origin\" allowfullscreen><\/iframe>\n<\/div><\/figure>\n\n\n\n<div class=\"wp-block-cover\" style=\"min-height:345px;aspect-ratio:unset;\"><img loading=\"lazy\" decoding=\"async\" width=\"1024\" height=\"1024\" class=\"wp-block-cover__image-background wp-image-130\" alt=\"\" src=\"http:\/\/xarxanocallis.cat\/wp-content\/uploads\/2024\/11\/A-fun-image-of-a-cello-and-the-letters-composing-the-name-Pau-Casals.jpg\" data-object-fit=\"cover\" srcset=\"http:\/\/xarxanocallis.cat\/wp-content\/uploads\/2024\/11\/A-fun-image-of-a-cello-and-the-letters-composing-the-name-Pau-Casals.jpg 1024w, http:\/\/xarxanocallis.cat\/wp-content\/uploads\/2024\/11\/A-fun-image-of-a-cello-and-the-letters-composing-the-name-Pau-Casals-300x300.jpg 300w, http:\/\/xarxanocallis.cat\/wp-content\/uploads\/2024\/11\/A-fun-image-of-a-cello-and-the-letters-composing-the-name-Pau-Casals-150x150.jpg 150w, http:\/\/xarxanocallis.cat\/wp-content\/uploads\/2024\/11\/A-fun-image-of-a-cello-and-the-letters-composing-the-name-Pau-Casals-768x768.jpg 768w\" sizes=\"auto, (max-width: 1024px) 100vw, 1024px\" \/><span aria-hidden=\"true\" class=\"wp-block-cover__background has-background-dim\"><\/span><div class=\"wp-block-cover__inner-container is-layout-flow wp-block-cover-is-layout-flow\">\n<p class=\"has-text-align-center has-large-font-size\"><strong>El Mestre Pau Casals<\/strong><\/p>\n<\/div><\/div>\n\n\n\n<ul class=\"wp-block-list\">\n<li>La Comtessa Ermesenda de Carcassona<\/li>\n\n\n\n<li>El Conseller Joan Fivaller<\/li>\n\n\n\n<li>Les abadesses catalanes<\/li>\n\n\n\n<li>El President de la I Rep\u00fablica Catalana, en Pau Claris<\/li>\n\n\n\n<li>El President Francesc Maci\u00e0<\/li>\n\n\n\n<li>Els homes de fe: Xirinacs, Armengou, Dalmau&#8230;<\/li>\n\n\n\n<li>En Carles M. Espinalt<\/li>\n\n\n\n<li>Les escriptores catalanes: Merc\u00e8 Rodoreda, Montserrat Roig&#8230;<\/li>\n\n\n\n<li>I totes aquelles persones de car\u00e0cter que han defensat la nostra terra.<\/li>\n<\/ul>\n<\/div>\n<\/div>\n<\/div>\n\n\n\n<div class=\"wp-block-group alignfull has-base-color has-contrast-background-color has-text-color has-background has-link-color wp-elements-e2ee1992beabc8e2d5200b9e4637a7ce has-global-padding is-layout-constrained wp-container-core-group-is-layout-d89aad35 wp-block-group-is-layout-constrained\" style=\"margin-top:0;margin-bottom:0;padding-top:var(--wp--preset--spacing--50);padding-right:var(--wp--preset--spacing--50);padding-bottom:var(--wp--preset--spacing--50);padding-left:var(--wp--preset--spacing--50)\">\n<h2 class=\"wp-block-heading alignwide has-base-color has-text-color has-link-color wp-elements-6814137018c23c554e3f82ec82521112\" style=\"font-size:clamp(4.509rem, 4.509rem + ((1vw - 0.2rem) * 9.152), 10rem);letter-spacing:-0.02em\">Preguntes freq\u00fcents<\/h2>\n\n\n\n<div class=\"wp-block-group alignwide is-layout-flow wp-block-group-is-layout-flow\">\n<hr class=\"wp-block-separator has-text-color has-base-color has-alpha-channel-opacity has-base-background-color has-background is-style-wide\" style=\"margin-top:var(--wp--preset--spacing--30);margin-bottom:var(--wp--preset--spacing--30)\"\/>\n\n\n\n<h3 class=\"wp-block-heading alignwide has-base-2-color has-text-color has-link-color wp-elements-87f4f5be4199a5092f76eff413ea7a4c\">Sou un partit pol\u00edtic?<\/h3>\n\n\n\n<p class=\"has-contrast-1-color has-text-color has-link-color wp-elements-db4cf3ecece4275114f8acc02cdbe6a9\">No, som una comunitat de patriotes catalans compromesos amb el proc\u00e9s d&#8217;alliberament nacional.<\/p>\n\n\n\n<hr class=\"wp-block-separator has-text-color has-base-color has-alpha-channel-opacity has-base-background-color has-background is-style-wide\" style=\"margin-top:var(--wp--preset--spacing--30);margin-bottom:var(--wp--preset--spacing--30)\"\/>\n\n\n\n<h3 class=\"wp-block-heading alignwide has-base-2-color has-text-color has-link-color wp-elements-e6698e0d23cb2d6fbf0b0442e013145a\">Esteu vinculats a algun partit pol\u00edtic?<\/h3>\n\n\n\n<p class=\"has-contrast-1-color has-text-color has-link-color wp-elements-3391a29ae0644acdaf415a766ef5ced2\">No, a m\u00e9s, per esdevenir membre de la XarxaNOCALLIS no es pot ser afiliat a cap partit pol\u00edtic.<\/p>\n\n\n\n<hr class=\"wp-block-separator has-text-color has-base-color has-alpha-channel-opacity has-base-background-color has-background is-style-wide\" style=\"margin-top:var(--wp--preset--spacing--30);margin-bottom:var(--wp--preset--spacing--30)\"\/>\n\n\n\n<h3 class=\"wp-block-heading alignwide has-base-2-color has-text-color has-link-color wp-elements-366508c379383026b47eba5dfb5b566d\">Sou una altra capelleta?<\/h3>\n\n\n\n<p class=\"has-contrast-1-color has-text-color has-link-color wp-elements-0c171d8c965ac866a6199502c853c96b\">No, som un punt de trobada per a tothom qui lluiti per restituir l&#8217;estat catal\u00e0, defensar la llengua catalana i recuperar la hist\u00f2ria de la naci\u00f3.<\/p>\n\n\n\n<hr class=\"wp-block-separator has-text-color has-base-color has-alpha-channel-opacity has-base-background-color has-background is-style-wide\" style=\"margin-top:var(--wp--preset--spacing--30);margin-bottom:var(--wp--preset--spacing--30)\"\/>\n\n\n\n<h3 class=\"wp-block-heading alignwide has-base-2-color has-text-color has-link-color wp-elements-700e6b6b20516fca7b7c99bfbbc67324\">M&#8217;agradaria con\u00e8ixer el vostre projecte, com puc fer-ho?<\/h3>\n\n\n\n<p class=\"has-contrast-1-color has-text-color has-link-color wp-elements-13a73d904e6d44d5bbea4685c918996f\">Podeu veure les publicacions que fem a les xarxes o socials, o b\u00e9, si voleu adre\u00e7ar-vos a nosaltres directament, podeu enviar-nos un missatge de correu electr\u00f2nic a: xarxanocallis@gmail.com<\/p>\n\n\n\n<hr class=\"wp-block-separator has-text-color has-base-color has-alpha-channel-opacity has-base-background-color has-background is-style-wide\" style=\"margin-top:var(--wp--preset--spacing--30);margin-bottom:var(--wp--preset--spacing--30)\"\/>\n\n\n\n<h3 class=\"wp-block-heading alignwide has-base-2-color has-text-color has-link-color wp-elements-d0d04e9a671b3f96850b165e8b2e2c5c\">Puc formar part de l&#8217;associaci\u00f3 o col\u00b7laborar-hi sense ser-ne membre?<\/h3>\n\n\n\n<p class=\"has-contrast-1-color has-text-color has-link-color wp-elements-267b1ee6b3814a7e8bc16e89b413c4b1\">S\u00ed, us en podeu fer socis, per\u00f2 tamb\u00e9 podeu establir-hi una relaci\u00f3 de col\u00b7laboraci\u00f3 externa, sense formar-ne part. Podeu omplir el formulari escaient <strong>aqu\u00ed<\/strong>.<\/p>\n\n\n\n<hr class=\"wp-block-separator has-text-color has-base-color has-alpha-channel-opacity has-base-background-color has-background is-style-wide\" style=\"margin-top:var(--wp--preset--spacing--30);margin-bottom:var(--wp--preset--spacing--30)\"\/>\n\n\n\n<h3 class=\"wp-block-heading alignwide has-base-2-color has-text-color has-link-color wp-elements-389e594b5cb308e5e33ddad044d1103b\">Per ser membres hem de donar un document d&#8217;identitat i el tel\u00e8fon?<\/h3>\n\n\n\n<p class=\"has-contrast-1-color has-text-color has-link-color wp-elements-3c4a93c913941f41cbc03fb9606a8202\">S\u00ed, per ser membres de l&#8217;associaci\u00f3 cal donar un n\u00famero d&#8217;identificaci\u00f3 i un contacte. Si no vols donar el tel\u00e8fon, pots donar el correu electr\u00f2nic. Quan es convoquin les assemblees, cal passar llista i signar l&#8217;acta de pres\u00e8ncia amb aquestes dades. Estem legalment constitu\u00efts i hem de seguir la legislaci\u00f3 portuguesa vigent.<\/p>\n\n\n\n<div style=\"margin-top:var(--wp--preset--spacing--10);margin-bottom:0;height:var(--wp--preset--spacing--10)\" aria-hidden=\"true\" class=\"wp-block-spacer\"><\/div>\n<\/div>\n<\/div>\n\n\n\n<div class=\"wp-block-group alignfull has-global-padding is-layout-constrained wp-container-core-group-is-layout-d89aad35 wp-block-group-is-layout-constrained\" style=\"margin-top:0;margin-bottom:0;padding-top:var(--wp--preset--spacing--50);padding-right:var(--wp--preset--spacing--50);padding-bottom:var(--wp--preset--spacing--50);padding-left:var(--wp--preset--spacing--50)\">\n<div class=\"wp-block-columns alignwide are-vertically-aligned-center is-layout-flex wp-container-core-columns-is-layout-47c06fe3 wp-block-columns-is-layout-flex\">\n<div class=\"wp-block-column is-vertically-aligned-center is-layout-flow wp-block-column-is-layout-flow\" style=\"flex-basis:50%\">\n<h2 class=\"wp-block-heading\">Fem bola de neu!<\/h2>\n\n\n\n<ul style=\"line-height:1.75\" class=\"wp-block-list is-style-checkmark-list\">\n<li>Col\u00b7laboreu amb altres patriotes.<\/li>\n\n\n\n<li>Compartiu el vostre coneixement.<\/li>\n\n\n\n<li>Creeu una plataforma de difusi\u00f3 forta.<\/li>\n<\/ul>\n<\/div>\n\n\n\n<div class=\"wp-block-column is-vertically-aligned-center is-layout-flow wp-block-column-is-layout-flow\" style=\"flex-basis:50%\">\n<figure class=\"wp-block-gallery has-nested-images columns-default is-cropped wp-block-gallery-5 is-layout-flex wp-block-gallery-is-layout-flex\">\n<figure class=\"wp-block-image size-full is-style-rounded is-style-rounded--4\"><img loading=\"lazy\" decoding=\"async\" width=\"1563\" height=\"1563\" data-id=\"230\" src=\"http:\/\/xarxanocallis.cat\/wp-content\/uploads\/2024\/11\/28.png\" alt=\"\" class=\"wp-image-230\" style=\"aspect-ratio:4\/3;object-fit:cover\" srcset=\"http:\/\/xarxanocallis.cat\/wp-content\/uploads\/2024\/11\/28.png 1563w, http:\/\/xarxanocallis.cat\/wp-content\/uploads\/2024\/11\/28-300x300.png 300w, http:\/\/xarxanocallis.cat\/wp-content\/uploads\/2024\/11\/28-1024x1024.png 1024w, http:\/\/xarxanocallis.cat\/wp-content\/uploads\/2024\/11\/28-150x150.png 150w, http:\/\/xarxanocallis.cat\/wp-content\/uploads\/2024\/11\/28-768x768.png 768w, http:\/\/xarxanocallis.cat\/wp-content\/uploads\/2024\/11\/28-1536x1536.png 1536w\" sizes=\"auto, (max-width: 1563px) 100vw, 1563px\" \/><\/figure>\n<\/figure>\n<\/div>\n<\/div>\n<\/div>\n","protected":false},"excerpt":{"rendered":"<p>L&#8217;ASSOCIA\u00c7\u00c3O XARXANOCALLIS \u00e9s una instituci\u00f3 civil, constitu\u00efda com a associaci\u00f3 sense \u00e0nim de lucre a Portugal, amb l&#8217;objecte de defensar i promoure la cultura, la llengua i l&#8217;economia catalanes en l\u2019\u00e0mbit internacional. L&#8217;associaci\u00f3 disposa del n\u00famero de persona jur\u00eddica 518298027. L\u2019associaci\u00f3 XarxaNOCALLIS, acr\u00f2nim de Nosaltres els Catalans Lliures, \u00e9s una vibrant comunitat de patriotes compromesos [&hellip;]<\/p>\n","protected":false},"author":1,"featured_media":220,"parent":0,"menu_order":0,"comment_status":"closed","ping_status":"closed","template":"","meta":{"footnotes":""},"class_list":["post-13","page","type-page","status-publish","has-post-thumbnail","hentry"],"_links":{"self":[{"href":"http:\/\/xarxanocallis.cat\/index.php?rest_route=\/wp\/v2\/pages\/13","targetHints":{"allow":["GET"]}}],"collection":[{"href":"http:\/\/xarxanocallis.cat\/index.php?rest_route=\/wp\/v2\/pages"}],"about":[{"href":"http:\/\/xarxanocallis.cat\/index.php?rest_route=\/wp\/v2\/types\/page"}],"author":[{"embeddable":true,"href":"http:\/\/xarxanocallis.cat\/index.php?rest_route=\/wp\/v2\/users\/1"}],"replies":[{"embeddable":true,"href":"http:\/\/xarxanocallis.cat\/index.php?rest_route=%2Fwp%2Fv2%2Fcomments&post=13"}],"version-history":[{"count":22,"href":"http:\/\/xarxanocallis.cat\/index.php?rest_route=\/wp\/v2\/pages\/13\/revisions"}],"predecessor-version":[{"id":376,"href":"http:\/\/xarxanocallis.cat\/index.php?rest_route=\/wp\/v2\/pages\/13\/revisions\/376"}],"wp:featuredmedia":[{"embeddable":true,"href":"http:\/\/xarxanocallis.cat\/index.php?rest_route=\/wp\/v2\/media\/220"}],"wp:attachment":[{"href":"http:\/\/xarxanocallis.cat\/index.php?rest_route=%2Fwp%2Fv2%2Fmedia&parent=13"}],"curies":[{"name":"wp","href":"https:\/\/api.w.org\/{rel}","templated":true}]}}